{"id":586,"date":"2025-07-10T08:46:37","date_gmt":"2025-07-10T08:46:37","guid":{"rendered":"https:\/\/soruty.com\/?post_type=product&#038;p=586"},"modified":"2025-07-31T13:28:29","modified_gmt":"2025-07-31T10:28:29","slug":"shrink-films","status":"publish","type":"product","link":"https:\/\/soruty.com\/pt\/produto\/shrink-films\/","title":{"rendered":"Filmes Encolh\u00edveis"},"content":{"rendered":"<p><strong>Description:<\/strong> Grouping Solutions with or without printing for bottles, cans, jars, etc.<\/p>\n<p><strong>Used for:<\/strong><\/p>\n<p><span style=\"font-size: 16px;\">Retail, Food, Industrial, and Logistics applications.<\/span><\/p>\n<p><strong>Flex Printing Colors:<\/strong> Up to 8 Colors<\/p>\n<p><strong>Raw Materials:<\/strong> Shrinkable LDPE<\/p>\n<p>&nbsp;<\/p>\n<p>&nbsp;<\/p>\n<style id=\"wpforms-css-vars-398\">\n\t\t\t\t#wpforms-398 {\n\t\t\t\t\n\t\t\t}\n\t\t\t<\/style><div class=\"wpforms-container wpforms-container-full contactForm wpforms-render-modern\" id=\"wpforms-398\"><form id=\"wpforms-form-398\" class=\"wpforms-validate wpforms-form wpforms-ajax-form\" data-formid=\"398\" method=\"post\" enctype=\"multipart\/form-data\" action=\"\/pt\/wp-json\/wp\/v2\/product\/586\" data-token=\"aea553bc964f481a5185e06a66ecdb36\" data-token-time=\"1776427430\"><div class=\"wpforms-head-container\"><div class=\"wpforms-title\">Leave a Message<\/div><\/div><noscript class=\"wpforms-error-noscript\">Please enable JavaScript in your browser to complete this form.<\/noscript><div id=\"wpforms-error-noscript\" style=\"display: none;\">Please enable JavaScript in your browser to complete this form.<\/div><div class=\"wpforms-field-container\"><div id=\"wpforms-398-field_1-container\" class=\"wpforms-field wpforms-field-name wpforms-one-half wpforms-first\" data-field-id=\"1\"><label class=\"wpforms-field-label wpforms-label-hide\" for=\"wpforms-398-field_1\" aria-hidden=\"false\">Name <span class=\"wpforms-required-label\" aria-hidden=\"true\">*<\/span><\/label><input type=\"text\" id=\"wpforms-398-field_1\" class=\"wpforms-field-large wpforms-field-required\" name=\"wpforms[fields][1]\" placeholder=\"Name *\" aria-errormessage=\"wpforms-398-field_1-error\" required><\/div><div id=\"wpforms-398-field_5-container\" class=\"wpforms-field wpforms-field-name wpforms-one-half\" data-field-id=\"5\"><label class=\"wpforms-field-label wpforms-label-hide\" for=\"wpforms-398-field_5\" aria-hidden=\"false\">Position  <span class=\"wpforms-required-label\" aria-hidden=\"true\">*<\/span><\/label><input type=\"text\" id=\"wpforms-398-field_5\" class=\"wpforms-field-large wpforms-field-required\" name=\"wpforms[fields][5]\" placeholder=\"Position *\" aria-errormessage=\"wpforms-398-field_5-error\" required><\/div><div id=\"wpforms-398-field_4-container\" class=\"wpforms-field wpforms-field-name wpforms-one-half wpforms-first\" data-field-id=\"4\"><label class=\"wpforms-field-label wpforms-label-hide\" for=\"wpforms-398-field_4\" aria-hidden=\"false\">Name of the Company <span class=\"wpforms-required-label\" aria-hidden=\"true\">*<\/span><\/label><input type=\"text\" id=\"wpforms-398-field_4\" class=\"wpforms-field-large wpforms-field-required\" name=\"wpforms[fields][4]\" placeholder=\"Name of the Company *\" aria-errormessage=\"wpforms-398-field_4-error\" required><\/div><div id=\"wpforms-398-field_6-container\" class=\"wpforms-field wpforms-field-name wpforms-one-half\" data-field-id=\"6\"><label class=\"wpforms-field-label wpforms-label-hide\" for=\"wpforms-398-field_6\" aria-hidden=\"false\">Product you\u2019re interested in  <span class=\"wpforms-required-label\" aria-hidden=\"true\">*<\/span><\/label><input type=\"text\" id=\"wpforms-398-field_6\" class=\"wpforms-field-large wpforms-field-required\" name=\"wpforms[fields][6]\" placeholder=\"Product you\u2019re interested in *\" aria-errormessage=\"wpforms-398-field_6-error\" required><\/div><div id=\"wpforms-398-field_8-container\" class=\"wpforms-field wpforms-field-number wpforms-one-half wpforms-first\" data-field-id=\"8\"><label class=\"wpforms-field-label wpforms-label-hide\" for=\"wpforms-398-field_8\" aria-hidden=\"false\">Phone Numbers <span class=\"wpforms-required-label\" aria-hidden=\"true\">*<\/span><\/label><input type=\"number\" id=\"wpforms-398-field_8\" class=\"wpforms-field-large wpforms-field-required\" name=\"wpforms[fields][8]\" placeholder=\"Phone Numbers *\" step=\"any\" aria-errormessage=\"wpforms-398-field_8-error\" required><\/div><div id=\"wpforms-398-field_7-container\" class=\"wpforms-field wpforms-field-email wpforms-one-half\" data-field-id=\"7\"><label class=\"wpforms-field-label wpforms-label-hide\" for=\"wpforms-398-field_7\" aria-hidden=\"false\">Email <span class=\"wpforms-required-label\" aria-hidden=\"true\">*<\/span><\/label><input type=\"email\" id=\"wpforms-398-field_7\" class=\"wpforms-field-large wpforms-field-required\" name=\"wpforms[fields][7]\" placeholder=\"Email *\" spellcheck=\"false\" aria-errormessage=\"wpforms-398-field_7-error\" required><\/div>\t\t<div id=\"wpforms-398-field_2-container\"\n\t\t\tclass=\"wpforms-field wpforms-field-text\"\n\t\t\tdata-field-type=\"text\"\n\t\t\tdata-field-id=\"2\"\n\t\t\t>\n\t\t\t<label class=\"wpforms-field-label\" for=\"wpforms-398-field_2\" >Name  interested<\/label>\n\t\t\t<input type=\"text\" id=\"wpforms-398-field_2\" class=\"wpforms-field-medium\" name=\"wpforms[fields][2]\" >\n\t\t<\/div>\n\t\t<div id=\"wpforms-398-field_13-container\" class=\"wpforms-field wpforms-field-textarea wpforms-one-half wpforms-first\" data-field-id=\"13\"><label class=\"wpforms-field-label wpforms-label-hide\" for=\"wpforms-398-field_13\" aria-hidden=\"false\">Comment\/ Suggestions<\/label><textarea id=\"wpforms-398-field_13\" class=\"wpforms-field-large\" name=\"wpforms[fields][13]\" placeholder=\"Comment\/ Suggestions\" aria-errormessage=\"wpforms-398-field_13-error\" ><\/textarea><\/div><script>\n\t\t\t\t( function() {\n\t\t\t\t\tconst style = document.createElement( 'style' );\n\t\t\t\t\tstyle.appendChild( document.createTextNode( '#wpforms-398-field_2-container { position: absolute !important; overflow: hidden !important; display: inline !important; height: 1px !important; width: 1px !important; z-index: -1000 !important; padding: 0 !important; } #wpforms-398-field_2-container input { visibility: hidden; } #wpforms-conversational-form-page #wpforms-398-field_2-container label { counter-increment: none; }' ) );\n\t\t\t\t\tdocument.head.appendChild( style );\n\t\t\t\t\tdocument.currentScript?.remove();\n\t\t\t\t} )();\n\t\t\t<\/script><\/div><!-- .wpforms-field-container --><div class=\"wpforms-submit-container\" ><input type=\"hidden\" name=\"wpforms[id]\" value=\"398\"><input type=\"hidden\" name=\"page_title\" value=\"\"><input type=\"hidden\" name=\"page_url\" value=\"https:\/\/soruty.com\/pt\/wp-json\/wp\/v2\/product\/586\"><input type=\"hidden\" name=\"url_referer\" value=\"\"><button type=\"submit\" name=\"wpforms[submit]\" id=\"wpforms-submit-398\" class=\"wpforms-submit\" data-alt-text=\"Sending...\" data-submit-text=\"Submit\" aria-live=\"assertive\" value=\"wpforms-submit\">Submit<\/button><img decoding=\"async\" src=\"https:\/\/soruty.com\/wp-content\/plugins\/wpforms-lite\/assets\/images\/submit-spin.svg\" class=\"wpforms-submit-spinner\" style=\"display: none;\" width=\"26\" height=\"26\" alt=\"Loading\"><\/div><\/form><\/div>  <!-- .wpforms-container -->\n","protected":false},"excerpt":{"rendered":"<p style=\"text-align: justify;\">Filmes termoencolh\u00edveis s\u00e3o pel\u00edculas pl\u00e1sticas sens\u00edveis ao calor que se contraem firmemente ao redor dos produtos quando expostos ao calor (por meio de pistolas de ar quente, t\u00faneis ou c\u00e2maras). Eles oferecem uma solu\u00e7\u00e3o de embalagem segura, inviol\u00e1vel e visualmente atraente.<\/p>\n<p>&nbsp;<\/p>","protected":false},"featured_media":1540,"template":"","meta":{"site-sidebar-layout":"default","site-content-layout":"","ast-site-content-layout":"default","site-content-style":"default","site-sidebar-style":"default","ast-global-header-display":"","ast-banner-title-visibility":"","ast-main-header-display":"","ast-hfb-above-header-display":"","ast-hfb-below-header-display":"","ast-hfb-mobile-header-display":"","site-post-title":"","ast-breadcrumbs-content":"","ast-featured-img":"","footer-sml-layout":"","ast-disable-related-posts":"","theme-transparent-header-meta":"default","adv-header-id-meta":"","stick-header-meta":"","header-above-stick-meta":"","header-main-stick-meta":"","header-below-stick-meta":"","astra-migrate-meta-layouts":"set","ast-page-background-enabled":"default","ast-page-background-meta":{"desktop":{"background-color":"var(--ast-global-color-5)","background-image":"","background-repeat":"repeat","background-position":"center center","background-size":"auto","background-attachment":"scroll","background-type":"","background-media":"","overlay-type":"","overlay-color":"","overlay-opacity":"","overlay-gradient":""},"tablet":{"background-color":"","background-image":"","background-repeat":"repeat","background-position":"center center","background-size":"auto","background-attachment":"scroll","background-type":"","background-media":"","overlay-type":"","overlay-color":"","overlay-opacity":"","overlay-gradient":""},"mobile":{"background-color":"","background-image":"","background-repeat":"repeat","background-position":"center center","background-size":"auto","background-attachment":"scroll","background-type":"","background-media":"","overlay-type":"","overlay-color":"","overlay-opacity":"","overlay-gradient":""}},"ast-content-background-meta":{"desktop":{"background-color":"var(--ast-global-color-4)","background-image":"","background-repeat":"repeat","background-position":"center center","background-size":"auto","background-attachment":"scroll","background-type":"","background-media":"","overlay-type":"","overlay-color":"","overlay-opacity":"","overlay-gradient":""},"tablet":{"background-color":"var(--ast-global-color-4)","background-image":"","background-repeat":"repeat","background-position":"center center","background-size":"auto","background-attachment":"scroll","background-type":"","background-media":"","overlay-type":"","overlay-color":"","overlay-opacity":"","overlay-gradient":""},"mobile":{"background-color":"var(--ast-global-color-4)","background-image":"","background-repeat":"repeat","background-position":"center center","background-size":"auto","background-attachment":"scroll","background-type":"","background-media":"","overlay-type":"","overlay-color":"","overlay-opacity":"","overlay-gradient":""}}},"product_brand":[],"product_cat":[20],"product_tag":[],"class_list":{"0":"post-586","1":"product","2":"type-product","3":"status-publish","4":"has-post-thumbnail","6":"product_cat-packaging-films-for-food-non-food-applications","7":"desktop-align-left","8":"tablet-align-left","9":"mobile-align-left","11":"first","12":"instock","13":"shipping-taxable","14":"product-type-simple"},"yoast_head":"<!-- This site is optimized with the Yoast SEO plugin v27.4 - https:\/\/yoast.com\/product\/yoast-seo-wordpress\/ -->\n<title>Shrink Films - SORUTY COM&Eacute;RCIO E INDUSTRIA (SU) LDA<\/title>\n<meta name=\"description\" content=\"SORUTY COM\u00c9RCIO E IND\u00daSTRIA (SU) LDA specializes in custom-printed flexible plastic packaging, Shrink Films, and industrial wrapping solutions for food and non-food sectors. Trusted supplier across Angola and beyond.\" \/>\n<meta name=\"robots\" content=\"index, follow, max-snippet:-1, max-image-preview:large, max-video-preview:-1\" \/>\n<link rel=\"canonical\" href=\"https:\/\/soruty.com\/pt\/produto\/shrink-films\/\" \/>\n<meta property=\"og:locale\" content=\"pt_PT\" \/>\n<meta property=\"og:type\" content=\"article\" \/>\n<meta property=\"og:title\" content=\"Shrink Films - SORUTY COM&Eacute;RCIO E INDUSTRIA (SU) LDA\" \/>\n<meta property=\"og:description\" content=\"SORUTY COM\u00c9RCIO E IND\u00daSTRIA (SU) LDA specializes in custom-printed flexible plastic packaging, Shrink Films, and industrial wrapping solutions for food and non-food sectors. Trusted supplier across Angola and beyond.\" \/>\n<meta property=\"og:url\" content=\"https:\/\/soruty.com\/pt\/produto\/shrink-films\/\" \/>\n<meta property=\"og:site_name\" content=\"SORUTY COM&Eacute;RCIO E INDUSTRIA (SU) LDA\" \/>\n<meta property=\"article:modified_time\" content=\"2025-07-31T10:28:29+00:00\" \/>\n<meta property=\"og:image\" content=\"https:\/\/soruty.com\/wp-content\/uploads\/2025\/07\/shrink-films-1024.jpg\" \/>\n\t<meta property=\"og:image:width\" content=\"1024\" \/>\n\t<meta property=\"og:image:height\" content=\"1064\" \/>\n\t<meta property=\"og:image:type\" content=\"image\/jpeg\" \/>\n<meta name=\"twitter:card\" content=\"summary_large_image\" \/>\n<meta name=\"twitter:label1\" content=\"Est. reading time\" \/>\n\t<meta name=\"twitter:data1\" content=\"1 minuto\" \/>\n<script type=\"application\/ld+json\" class=\"yoast-schema-graph\">{\"@context\":\"https:\\\/\\\/schema.org\",\"@graph\":[{\"@type\":\"WebPage\",\"@id\":\"https:\\\/\\\/soruty.com\\\/product\\\/shrink-films\\\/\",\"url\":\"https:\\\/\\\/soruty.com\\\/product\\\/shrink-films\\\/\",\"name\":\"Shrink Films - SORUTY COM&Eacute;RCIO E INDUSTRIA (SU) LDA\",\"isPartOf\":{\"@id\":\"https:\\\/\\\/soruty.com\\\/#website\"},\"primaryImageOfPage\":{\"@id\":\"https:\\\/\\\/soruty.com\\\/product\\\/shrink-films\\\/#primaryimage\"},\"image\":{\"@id\":\"https:\\\/\\\/soruty.com\\\/product\\\/shrink-films\\\/#primaryimage\"},\"thumbnailUrl\":\"https:\\\/\\\/soruty.com\\\/wp-content\\\/uploads\\\/2025\\\/07\\\/shrink-films-1024.jpg\",\"datePublished\":\"2025-07-10T08:46:37+00:00\",\"dateModified\":\"2025-07-31T10:28:29+00:00\",\"description\":\"SORUTY COM\u00c9RCIO E IND\u00daSTRIA (SU) LDA specializes in custom-printed flexible plastic packaging, Shrink Films, and industrial wrapping solutions for food and non-food sectors. Trusted supplier across Angola and beyond.\",\"breadcrumb\":{\"@id\":\"https:\\\/\\\/soruty.com\\\/product\\\/shrink-films\\\/#breadcrumb\"},\"inLanguage\":\"pt-AO\",\"potentialAction\":[{\"@type\":\"ReadAction\",\"target\":[\"https:\\\/\\\/soruty.com\\\/product\\\/shrink-films\\\/\"]}]},{\"@type\":\"ImageObject\",\"inLanguage\":\"pt-AO\",\"@id\":\"https:\\\/\\\/soruty.com\\\/product\\\/shrink-films\\\/#primaryimage\",\"url\":\"https:\\\/\\\/soruty.com\\\/wp-content\\\/uploads\\\/2025\\\/07\\\/shrink-films-1024.jpg\",\"contentUrl\":\"https:\\\/\\\/soruty.com\\\/wp-content\\\/uploads\\\/2025\\\/07\\\/shrink-films-1024.jpg\",\"width\":1024,\"height\":1064},{\"@type\":\"BreadcrumbList\",\"@id\":\"https:\\\/\\\/soruty.com\\\/product\\\/shrink-films\\\/#breadcrumb\",\"itemListElement\":[{\"@type\":\"ListItem\",\"position\":1,\"name\":\"Home\",\"item\":\"https:\\\/\\\/soruty.com\\\/\"},{\"@type\":\"ListItem\",\"position\":2,\"name\":\"Shop\",\"item\":\"https:\\\/\\\/soruty.com\\\/shop\\\/\"},{\"@type\":\"ListItem\",\"position\":3,\"name\":\"Shrink Films\"}]},{\"@type\":\"WebSite\",\"@id\":\"https:\\\/\\\/soruty.com\\\/#website\",\"url\":\"https:\\\/\\\/soruty.com\\\/\",\"name\":\"SORUTY COM\u00c9RCIO E INDUSTRIA (SU) LDA\",\"description\":\"Packaging Solutions for Growing Markets.A Regional supplier of innovative packaging solutions that enhance brands.\",\"publisher\":{\"@id\":\"https:\\\/\\\/soruty.com\\\/#organization\"},\"alternateName\":\"Soruty\",\"potentialAction\":[{\"@type\":\"SearchAction\",\"target\":{\"@type\":\"EntryPoint\",\"urlTemplate\":\"https:\\\/\\\/soruty.com\\\/?s={search_term_string}\"},\"query-input\":{\"@type\":\"PropertyValueSpecification\",\"valueRequired\":true,\"valueName\":\"search_term_string\"}}],\"inLanguage\":\"pt-AO\"},{\"@type\":\"Organization\",\"@id\":\"https:\\\/\\\/soruty.com\\\/#organization\",\"name\":\"SORUTY COM\u00c9RCIO E INDUSTRIA (SU) LDA\",\"alternateName\":\"Soruty\",\"url\":\"https:\\\/\\\/soruty.com\\\/\",\"logo\":{\"@type\":\"ImageObject\",\"inLanguage\":\"pt-AO\",\"@id\":\"https:\\\/\\\/soruty.com\\\/#\\\/schema\\\/logo\\\/image\\\/\",\"url\":\"https:\\\/\\\/soruty.com\\\/wp-content\\\/uploads\\\/2025\\\/07\\\/Frame-11-1.png\",\"contentUrl\":\"https:\\\/\\\/soruty.com\\\/wp-content\\\/uploads\\\/2025\\\/07\\\/Frame-11-1.png\",\"width\":190,\"height\":173,\"caption\":\"SORUTY COM\u00c9RCIO E INDUSTRIA (SU) LDA\"},\"image\":{\"@id\":\"https:\\\/\\\/soruty.com\\\/#\\\/schema\\\/logo\\\/image\\\/\"}}]}<\/script>\n<!-- \/ Yoast SEO plugin. -->","yoast_head_json":{"title":"Shrink Films - SORUTY COM&Eacute;RCIO E INDUSTRIA (SU) LDA","description":"SORUTY COM\u00c9RCIO E IND\u00daSTRIA (SU) LDA specializes in custom-printed flexible plastic packaging, Shrink Films, and industrial wrapping solutions for food and non-food sectors. Trusted supplier across Angola and beyond.","robots":{"index":"index","follow":"follow","max-snippet":"max-snippet:-1","max-image-preview":"max-image-preview:large","max-video-preview":"max-video-preview:-1"},"canonical":"https:\/\/soruty.com\/pt\/produto\/shrink-films\/","og_locale":"pt_PT","og_type":"article","og_title":"Shrink Films - SORUTY COM&Eacute;RCIO E INDUSTRIA (SU) LDA","og_description":"SORUTY COM\u00c9RCIO E IND\u00daSTRIA (SU) LDA specializes in custom-printed flexible plastic packaging, Shrink Films, and industrial wrapping solutions for food and non-food sectors. Trusted supplier across Angola and beyond.","og_url":"https:\/\/soruty.com\/pt\/produto\/shrink-films\/","og_site_name":"SORUTY COM&Eacute;RCIO E INDUSTRIA (SU) LDA","article_modified_time":"2025-07-31T10:28:29+00:00","og_image":[{"width":1024,"height":1064,"url":"https:\/\/soruty.com\/wp-content\/uploads\/2025\/07\/shrink-films-1024.jpg","type":"image\/jpeg"}],"twitter_card":"summary_large_image","twitter_misc":{"Est. reading time":"1 minuto"},"schema":{"@context":"https:\/\/schema.org","@graph":[{"@type":"WebPage","@id":"https:\/\/soruty.com\/product\/shrink-films\/","url":"https:\/\/soruty.com\/product\/shrink-films\/","name":"Shrink Films - SORUTY COM&Eacute;RCIO E INDUSTRIA (SU) LDA","isPartOf":{"@id":"https:\/\/soruty.com\/#website"},"primaryImageOfPage":{"@id":"https:\/\/soruty.com\/product\/shrink-films\/#primaryimage"},"image":{"@id":"https:\/\/soruty.com\/product\/shrink-films\/#primaryimage"},"thumbnailUrl":"https:\/\/soruty.com\/wp-content\/uploads\/2025\/07\/shrink-films-1024.jpg","datePublished":"2025-07-10T08:46:37+00:00","dateModified":"2025-07-31T10:28:29+00:00","description":"SORUTY COM\u00c9RCIO E IND\u00daSTRIA (SU) LDA specializes in custom-printed flexible plastic packaging, Shrink Films, and industrial wrapping solutions for food and non-food sectors. Trusted supplier across Angola and beyond.","breadcrumb":{"@id":"https:\/\/soruty.com\/product\/shrink-films\/#breadcrumb"},"inLanguage":"pt-AO","potentialAction":[{"@type":"ReadAction","target":["https:\/\/soruty.com\/product\/shrink-films\/"]}]},{"@type":"ImageObject","inLanguage":"pt-AO","@id":"https:\/\/soruty.com\/product\/shrink-films\/#primaryimage","url":"https:\/\/soruty.com\/wp-content\/uploads\/2025\/07\/shrink-films-1024.jpg","contentUrl":"https:\/\/soruty.com\/wp-content\/uploads\/2025\/07\/shrink-films-1024.jpg","width":1024,"height":1064},{"@type":"BreadcrumbList","@id":"https:\/\/soruty.com\/product\/shrink-films\/#breadcrumb","itemListElement":[{"@type":"ListItem","position":1,"name":"Home","item":"https:\/\/soruty.com\/"},{"@type":"ListItem","position":2,"name":"Shop","item":"https:\/\/soruty.com\/shop\/"},{"@type":"ListItem","position":3,"name":"Shrink Films"}]},{"@type":"WebSite","@id":"https:\/\/soruty.com\/#website","url":"https:\/\/soruty.com\/","name":"SORUTY COM\u00c9RCIO E INDUSTRIA (SU) LDA","description":"Packaging Solutions for Growing Markets.A Regional supplier of innovative packaging solutions that enhance brands.","publisher":{"@id":"https:\/\/soruty.com\/#organization"},"alternateName":"Soruty","potentialAction":[{"@type":"SearchAction","target":{"@type":"EntryPoint","urlTemplate":"https:\/\/soruty.com\/?s={search_term_string}"},"query-input":{"@type":"PropertyValueSpecification","valueRequired":true,"valueName":"search_term_string"}}],"inLanguage":"pt-AO"},{"@type":"Organization","@id":"https:\/\/soruty.com\/#organization","name":"SORUTY COM\u00c9RCIO E INDUSTRIA (SU) LDA","alternateName":"Soruty","url":"https:\/\/soruty.com\/","logo":{"@type":"ImageObject","inLanguage":"pt-AO","@id":"https:\/\/soruty.com\/#\/schema\/logo\/image\/","url":"https:\/\/soruty.com\/wp-content\/uploads\/2025\/07\/Frame-11-1.png","contentUrl":"https:\/\/soruty.com\/wp-content\/uploads\/2025\/07\/Frame-11-1.png","width":190,"height":173,"caption":"SORUTY COM\u00c9RCIO E INDUSTRIA (SU) LDA"},"image":{"@id":"https:\/\/soruty.com\/#\/schema\/logo\/image\/"}}]}},"_links":{"self":[{"href":"https:\/\/soruty.com\/pt\/wp-json\/wp\/v2\/product\/586","targetHints":{"allow":["GET"]}}],"collection":[{"href":"https:\/\/soruty.com\/pt\/wp-json\/wp\/v2\/product"}],"about":[{"href":"https:\/\/soruty.com\/pt\/wp-json\/wp\/v2\/types\/product"}],"wp:featuredmedia":[{"embeddable":true,"href":"https:\/\/soruty.com\/pt\/wp-json\/wp\/v2\/media\/1540"}],"wp:attachment":[{"href":"https:\/\/soruty.com\/pt\/wp-json\/wp\/v2\/media?parent=586"}],"wp:term":[{"taxonomy":"product_brand","embeddable":true,"href":"https:\/\/soruty.com\/pt\/wp-json\/wp\/v2\/product_brand?post=586"},{"taxonomy":"product_cat","embeddable":true,"href":"https:\/\/soruty.com\/pt\/wp-json\/wp\/v2\/product_cat?post=586"},{"taxonomy":"product_tag","embeddable":true,"href":"https:\/\/soruty.com\/pt\/wp-json\/wp\/v2\/product_tag?post=586"}],"curies":[{"name":"wp","href":"https:\/\/api.w.org\/{rel}","templated":true}]}}